{"id":85,"date":"2025-07-17T17:54:28","date_gmt":"2025-07-17T17:54:28","guid":{"rendered":"https:\/\/sv-og-rorup.de\/?page_id=85"},"modified":"2025-08-28T18:03:48","modified_gmt":"2025-08-28T18:03:48","slug":"veranstaltungen","status":"publish","type":"page","link":"https:\/\/sv-og-rorup.de\/?page_id=85","title":{"rendered":"Veranstaltungen"},"content":{"rendered":"\t\t<div data-elementor-type=\"wp-page\" data-elementor-id=\"85\" class=\"elementor elementor-85\">\n\t\t\t\t<div class=\"elementor-element elementor-element-4cb3dea4 e-flex e-con-boxed e-con e-parent\" data-id=\"4cb3dea4\" data-element_type=\"container\" data-settings=\"{&quot;background_background&quot;:&quot;gradient&quot;,&quot;shape_divider_bottom&quot;:&quot;waves&quot;}\">\n\t\t\t\t\t<div class=\"e-con-inner\">\n\t\t\t\t<div class=\"elementor-shape elementor-shape-bottom\" aria-hidden=\"true\" data-negative=\"false\">\n\t\t\t<svg xmlns=\"http:\/\/www.w3.org\/2000\/svg\" viewBox=\"0 0 1000 100\" preserveAspectRatio=\"none\">\n\t<path class=\"elementor-shape-fill\" d=\"M421.9,6.5c22.6-2.5,51.5,0.4,75.5,5.3c23.6,4.9,70.9,23.5,100.5,35.7c75.8,32.2,133.7,44.5,192.6,49.7\n\tc23.6,2.1,48.7,3.5,103.4-2.5c54.7-6,106.2-25.6,106.2-25.6V0H0v30.3c0,0,72,32.6,158.4,30.5c39.2-0.7,92.8-6.7,134-22.4\n\tc21.2-8.1,52.2-18.2,79.7-24.2C399.3,7.9,411.6,7.5,421.9,6.5z\"\/>\n<\/svg>\t\t<\/div>\n\t\t\t\t<div class=\"elementor-element elementor-element-5567a57d elementor-widget elementor-widget-heading\" data-id=\"5567a57d\" data-element_type=\"widget\" data-widget_type=\"heading.default\">\n\t\t\t\t\t<h1 class=\"elementor-heading-title elementor-size-default\">Veranstaltungen<\/h1>\t\t\t\t<\/div>\n\t\t\t\t<div class=\"elementor-element elementor-element-46c50a41 elementor-widget elementor-widget-heading\" data-id=\"46c50a41\" data-element_type=\"widget\" data-widget_type=\"heading.default\">\n\t\t\t\t\t<h3 class=\"elementor-heading-title elementor-size-default\">Ergebnisse und Hinweise zu bevorstehenden Events<\/h3>\t\t\t\t<\/div>\n\t\t\t\t\t<\/div>\n\t\t\t\t<\/div>\n\t\t<div class=\"elementor-element elementor-element-7f959a35 e-flex e-con-boxed e-con e-parent\" data-id=\"7f959a35\" data-element_type=\"container\" data-settings=\"{&quot;background_background&quot;:&quot;classic&quot;}\">\n\t\t\t\t\t<div class=\"e-con-inner\">\n\t\t<div class=\"elementor-element elementor-element-6a053f37 e-con-full e-flex e-con e-child\" data-id=\"6a053f37\" data-element_type=\"container\">\n\t\t<div class=\"elementor-element elementor-element-7b82e781 e-con-full e-flex e-con e-child\" data-id=\"7b82e781\" data-element_type=\"container\" data-settings=\"{&quot;background_background&quot;:&quot;classic&quot;}\">\n\t\t\t\t<div class=\"elementor-element elementor-element-53061505 elementor-view-default elementor-position-top elementor-mobile-position-top elementor-widget elementor-widget-icon-box\" data-id=\"53061505\" data-element_type=\"widget\" data-widget_type=\"icon-box.default\">\n\t\t\t\t\t\t\t<div class=\"elementor-icon-box-wrapper\">\n\n\t\t\t\t\t\t<div class=\"elementor-icon-box-icon\">\n\t\t\t\t<span  class=\"elementor-icon\">\n\t\t\t\t<svg xmlns=\"http:\/\/www.w3.org\/2000\/svg\" id=\"bd174aeb-b623-40e5-a75c-6aa845ce06e9\" data-name=\"Layer 1\" width=\"74.7078\" height=\"66\" viewBox=\"0 0 74.7078 66\"><path id=\"b6f1f094-5902-49ca-a766-09584eb9daa6\" data-name=\"Fill-1-Copy-5\" d=\"M53.3653,19.386c-9.8693,32.2855,6.1235,31.8329-7.1389,41.2306A29.1943,29.1943,0,0,1,5.3387,53.4179a29.7533,29.7533,0,0,1,7.1385-41.23C25.74,2.79,63.2345-12.8994,53.3653,19.386\" style=\"fill-rule:evenodd;opacity:0.05\"><\/path><path d=\"M70.6063,52.798a4.0908,4.0908,0,0,0-3.3287,1.7228l-8.83-4.4155a.9765.9765,0,0,0-.5986-.0752,3.5841,3.5841,0,0,0,.0028-2.0507.9848.9848,0,0,0,.15.0206,1.0107,1.0107,0,0,0,.4468-.1053l9.6412-4.8216a4.061,4.061,0,0,0,2.5169.8869,4.1045,4.1045,0,1,0-3.7731-2.4958l-9.28,4.641a.976.976,0,0,0-.4212.4363,4,4,0,1,0,0,4.9171.9769.9769,0,0,0,.4211.4359l9.0026,4.5016a4.0466,4.0466,0,0,0-.0507.5027,4.1015,4.1015,0,1,0,4.1015-4.1008Zm0-14.99a2.05,2.05,0,1,1-2.05,2.05A2.053,2.053,0,0,1,70.6063,37.8081ZM54,51A2,2,0,1,1,56,49,2.0025,2.0025,0,0,1,54,51Zm16.6067,7.9492a2.0525,2.0525,0,0,1-2.05-2.05c0-.0278.0071-.0536.0082-.0811A.975.975,0,0,0,68.9506,55.7a2.0478,2.0478,0,1,1,1.6557,3.2492Z\" style=\"fill-rule:evenodd\"><\/path><path d=\"M50.6746,54.8864H32.1465a3.1252,3.1252,0,0,1-3.0877-3.1557V21.3828H70.2321V32.8006a1.029,1.029,0,1,0,2.0576,0V20.132l0-.0022,0-.0022V15.973a5.209,5.209,0,0,0-5.1463-5.2582H32.1465A5.2091,5.2091,0,0,0,27,15.973v4.1543l0,.0025,0,.0026V51.7307a5.2093,5.2093,0,0,0,5.1463,5.259H50.6746a1.0519,1.0519,0,0,0,0-2.1033ZM32.1465,12.8181H67.1434a3.1258,3.1258,0,0,1,3.0887,3.1549v2.9038H29.0588V15.973A3.125,3.125,0,0,1,32.1465,12.8181Z\" style=\"fill-rule:evenodd\"><\/path><circle cx=\"34\" cy=\"16\" r=\"1\"><\/circle><path d=\"M37,17a1,1,0,1,0-1-1A1.0006,1.0006,0,0,0,37,17Z\" style=\"fill-rule:evenodd\"><\/path><circle cx=\"40\" cy=\"16\" r=\"1\"><\/circle><\/svg>\t\t\t\t<\/span>\n\t\t\t<\/div>\n\t\t\t\n\t\t\t\t\t\t<div class=\"elementor-icon-box-content\">\n\n\t\t\t\t\t\t\t\t\t<h3 class=\"elementor-icon-box-title\">\n\t\t\t\t\t\t<span  >\n\t\t\t\t\t\t\tPr\u00fcfungen\t\t\t\t\t\t<\/span>\n\t\t\t\t\t<\/h3>\n\t\t\t\t\n\t\t\t\t\t\t\t\t\t<p class=\"elementor-icon-box-description\">\n\t\t\t\t\t\tErgebnisse unserer Pr\u00fcfungen findet ihr hier\t\t\t\t\t<\/p>\n\t\t\t\t\n\t\t\t<\/div>\n\t\t\t\n\t\t<\/div>\n\t\t\t\t\t\t<\/div>\n\t\t\t\t<div class=\"elementor-element elementor-element-44903b84 elementor-align-left elementor-mobile-align-center elementor-widget elementor-widget-button\" data-id=\"44903b84\" data-element_type=\"widget\" data-widget_type=\"button.default\">\n\t\t\t\t\t\t\t\t\t\t<a class=\"elementor-button elementor-button-link elementor-size-sm elementor-animation-grow\" href=\"http:\/\/Pr\u00fcfungen\">\n\t\t\t\t\t\t<span class=\"elementor-button-content-wrapper\">\n\t\t\t\t\t\t<span class=\"elementor-button-icon\">\n\t\t\t\t<svg aria-hidden=\"true\" class=\"e-font-icon-svg e-fas-arrow-right\" viewBox=\"0 0 448 512\" xmlns=\"http:\/\/www.w3.org\/2000\/svg\"><path d=\"M190.5 66.9l22.2-22.2c9.4-9.4 24.6-9.4 33.9 0L441 239c9.4 9.4 9.4 24.6 0 33.9L246.6 467.3c-9.4 9.4-24.6 9.4-33.9 0l-22.2-22.2c-9.5-9.5-9.3-25 .4-34.3L311.4 296H24c-13.3 0-24-10.7-24-24v-32c0-13.3 10.7-24 24-24h287.4L190.9 101.2c-9.8-9.3-10-24.8-.4-34.3z\"><\/path><\/svg>\t\t\t<\/span>\n\t\t\t\t\t\t\t\t\t<span class=\"elementor-button-text\">Learn More<\/span>\n\t\t\t\t\t<\/span>\n\t\t\t\t\t<\/a>\n\t\t\t\t\t\t\t\t<\/div>\n\t\t\t\t<\/div>\n\t\t<div class=\"elementor-element elementor-element-3fefe5be e-con-full e-flex e-con e-child\" data-id=\"3fefe5be\" data-element_type=\"container\" data-settings=\"{&quot;background_background&quot;:&quot;classic&quot;}\">\n\t\t\t\t<div class=\"elementor-element elementor-element-1ef355e6 elementor-view-default elementor-position-top elementor-mobile-position-top elementor-widget elementor-widget-icon-box\" data-id=\"1ef355e6\" data-element_type=\"widget\" data-widget_type=\"icon-box.default\">\n\t\t\t\t\t\t\t<div class=\"elementor-icon-box-wrapper\">\n\n\t\t\t\t\t\t<div class=\"elementor-icon-box-icon\">\n\t\t\t\t<span  class=\"elementor-icon\">\n\t\t\t\t<svg xmlns=\"http:\/\/www.w3.org\/2000\/svg\" id=\"b100d072-5c26-428c-aa94-fe2a7fbab69d\" data-name=\"Layer 1\" width=\"75\" height=\"66\" viewBox=\"0 0 75 66\"><path id=\"e8462590-5a8a-492b-9bee-67fe2f65f983\" data-name=\"Fill-1-Copy-6\" d=\"M53.3653,19.386c-9.8693,32.2855,6.1235,31.8329-7.1389,41.2306A29.1943,29.1943,0,0,1,5.3387,53.4179a29.7533,29.7533,0,0,1,7.1385-41.23C25.74,2.79,63.2345-12.8994,53.3653,19.386\" style=\"fill-rule:evenodd;opacity:0.05\"><\/path><path d=\"M36.3831,33.079a.97.97,0,0,0-1.0894.2261L32,36.7484l-3.2929-3.4433a.9746.9746,0,0,0-1.0894-.2261A1.0466,1.0466,0,0,0,27,34.0443v20.91A1.0224,1.0224,0,0,0,28,56h8a1.0224,1.0224,0,0,0,1-1.0454v-20.91A1.0459,1.0459,0,0,0,36.3831,33.079Zm-1.3823,20.83H29V36.5682l2.2929,2.3979a.9709.9709,0,0,0,1.415,0l2.2929-2.3979Z\" style=\"fill-rule:evenodd\"><\/path><path d=\"M45.7079,24.3128a.9566.9566,0,0,0-1.415,0l-4,4.2664A1.1022,1.1022,0,0,0,40,29.3334v25.6A1.0339,1.0339,0,0,0,41,56h8a1.0339,1.0339,0,0,0,1-1.0666v-25.6a1.099,1.099,0,0,0-.2929-.7542Zm2.2929,29.554H42V29.7752l3-3.2006,3.0008,3.2006Z\" style=\"fill-rule:evenodd\"><\/path><path d=\"M57.7079,20.3013a.9814.9814,0,0,0-1.415,0l-4,4.1182A1.0435,1.0435,0,0,0,52,25.1473V53.9706A1.0139,1.0139,0,0,0,53,55h8a1.0139,1.0139,0,0,0,1-1.0294V25.1473a1.04,1.04,0,0,0-.2929-.7278Zm2.2929,32.64H54V25.5737l3-3.0888,3.0008,3.0888Z\" style=\"fill-rule:evenodd\"><\/path><path d=\"M72.7071,16.3083A.9729.9729,0,0,0,72.0008,16H70a.9758.9758,0,0,0-.7071.3083l-4,4.21A1.08,1.08,0,0,0,65,21.2628V54.9474A1.0262,1.0262,0,0,0,66,56h8a1.0262,1.0262,0,0,0,1-1.0526v-35.79a1.0765,1.0765,0,0,0-.2929-.7442Zm.2937,37.5866H67V21.6988l3.4142-3.5937h1.1724l1.4142,1.4886Z\" style=\"fill-rule:evenodd\"><\/path><path d=\"M74,5H68a1,1,0,0,0-.7071,1.7069l2.3581,2.3579a1,1,0,0,0-.3974.2406l-8.4859,8.6538-3.3692-3.4359a1.0093,1.0093,0,0,0-1.4478,0l-7.462,7.61L45.1194,18.697a1.0091,1.0091,0,0,0-1.4478,0L32.1161,30.481l-3.3692-3.4359a1.0074,1.0074,0,0,0-1.4462,0,1.0557,1.0557,0,0,0,0,1.4757l4.0919,4.1736a1.01,1.01,0,0,0,1.4478,0L44.3951,20.91l3.37,3.4359a1.0083,1.0083,0,0,0,1.447,0l7.462-7.61,3.37,3.4358a1.01,1.01,0,0,0,1.447,0l9.2094-9.3915a1.0231,1.0231,0,0,0,.24-.4266l2.3521,2.352A1.0018,1.0018,0,0,0,74,13a1.0188,1.0188,0,0,0,.3831-.0766A1.0021,1.0021,0,0,0,75,11.9993V6A.999.999,0,0,0,74,5ZM73,9.5853,70.4141,7H73Z\" style=\"fill-rule:evenodd\"><\/path><\/svg>\t\t\t\t<\/span>\n\t\t\t<\/div>\n\t\t\t\n\t\t\t\t\t\t<div class=\"elementor-icon-box-content\">\n\n\t\t\t\t\t\t\t\t\t<h3 class=\"elementor-icon-box-title\">\n\t\t\t\t\t\t<span  >\n\t\t\t\t\t\t\tZuchtschauen\t\t\t\t\t\t<\/span>\n\t\t\t\t\t<\/h3>\n\t\t\t\t\n\t\t\t\t\t\t\t\t\t<p class=\"elementor-icon-box-description\">\n\t\t\t\t\t\tSchauen haben wir in den vergangenen Jahren durchgef\u00fchrt. Hier findet ihr die Ergebnisse.\t\t\t\t\t<\/p>\n\t\t\t\t\n\t\t\t<\/div>\n\t\t\t\n\t\t<\/div>\n\t\t\t\t\t\t<\/div>\n\t\t\t\t<div class=\"elementor-element elementor-element-631e1fd5 elementor-align-left elementor-mobile-align-center elementor-widget elementor-widget-button\" data-id=\"631e1fd5\" data-element_type=\"widget\" data-widget_type=\"button.default\">\n\t\t\t\t\t\t\t\t\t\t<a class=\"elementor-button elementor-button-link elementor-size-sm elementor-animation-grow\" href=\"#\">\n\t\t\t\t\t\t<span class=\"elementor-button-content-wrapper\">\n\t\t\t\t\t\t<span class=\"elementor-button-icon\">\n\t\t\t\t<svg aria-hidden=\"true\" class=\"e-font-icon-svg e-fas-arrow-right\" viewBox=\"0 0 448 512\" xmlns=\"http:\/\/www.w3.org\/2000\/svg\"><path d=\"M190.5 66.9l22.2-22.2c9.4-9.4 24.6-9.4 33.9 0L441 239c9.4 9.4 9.4 24.6 0 33.9L246.6 467.3c-9.4 9.4-24.6 9.4-33.9 0l-22.2-22.2c-9.5-9.5-9.3-25 .4-34.3L311.4 296H24c-13.3 0-24-10.7-24-24v-32c0-13.3 10.7-24 24-24h287.4L190.9 101.2c-9.8-9.3-10-24.8-.4-34.3z\"><\/path><\/svg>\t\t\t<\/span>\n\t\t\t\t\t\t\t\t\t<span class=\"elementor-button-text\">Learn More<\/span>\n\t\t\t\t\t<\/span>\n\t\t\t\t\t<\/a>\n\t\t\t\t\t\t\t\t<\/div>\n\t\t\t\t<\/div>\n\t\t<div class=\"elementor-element elementor-element-2e0d31e3 e-con-full e-flex e-con e-child\" data-id=\"2e0d31e3\" data-element_type=\"container\" data-settings=\"{&quot;background_background&quot;:&quot;classic&quot;}\">\n\t\t\t\t<div class=\"elementor-element elementor-element-f6744bf elementor-view-default elementor-position-top elementor-mobile-position-top elementor-widget elementor-widget-icon-box\" data-id=\"f6744bf\" data-element_type=\"widget\" data-widget_type=\"icon-box.default\">\n\t\t\t\t\t\t\t<div class=\"elementor-icon-box-wrapper\">\n\n\t\t\t\t\t\t<div class=\"elementor-icon-box-icon\">\n\t\t\t\t<span  class=\"elementor-icon\">\n\t\t\t\t<svg xmlns=\"http:\/\/www.w3.org\/2000\/svg\" id=\"b6dcefca-0c8c-418c-b77f-efb4dc1647b0\" data-name=\"Layer 1\" width=\"75.3081\" height=\"66\" viewBox=\"0 0 75.3081 66\"><path id=\"b44b666d-68b2-4ca8-9bee-286f74bdea55\" data-name=\"Fill-1-Copy-9\" d=\"M53.3653,19.386c-9.8693,32.2855,6.1235,31.8329-7.1389,41.2306A29.1943,29.1943,0,0,1,5.3387,53.4179a29.7533,29.7533,0,0,1,7.1385-41.23C25.74,2.79,63.2345-12.8994,53.3653,19.386\" style=\"fill-rule:evenodd;opacity:0.05\"><\/path><path d=\"M36.1794,46.4411a1.0435,1.0435,0,0,0,.4161-2.0025,15.7286,15.7286,0,1,1,15.0229-1.3817,1.0409,1.0409,0,0,0-.2838,1.45,1.0538,1.0538,0,0,0,1.4567.2825,17.844,17.844,0,1,0-17.028,1.5658A1.0509,1.0509,0,0,0,36.1794,46.4411Z\" style=\"fill-rule:evenodd\"><\/path><path d=\"M74.29,28.3412H64.1086a1.0177,1.0177,0,0,0-.72,1.7379l4.2843,4.2844L53.2659,49.153l-7.5827-7.7842a1.0208,1.0208,0,0,0-1.4712,0L31.7346,54.178a1.0879,1.0879,0,0,0,0,1.51,1.0217,1.0217,0,0,0,1.4711,0L44.9472,43.6321l7.5843,7.7851a1.0188,1.0188,0,0,0,1.4695,0L69.1624,35.8528,73.57,40.2606a1.0206,1.0206,0,0,0,.72.2981.9981.9981,0,0,0,.3892-.078,1.0179,1.0179,0,0,0,.6289-.94V29.3593A1.0175,1.0175,0,0,0,74.29,28.3412Zm-1.018,8.7416-6.7056-6.7055H73.272Z\" style=\"fill-rule:evenodd\"><\/path><path d=\"M43,39a1.0284,1.0284,0,0,0,1-1.0555V36.9131a4.5186,4.5186,0,0,0,4-4.1977c0-2.0089-1.311-3.3611-4-4.0707V24.2758A2.4323,2.4323,0,0,1,46.0043,26.17a1.0361,1.0361,0,0,0,1.08.9765,1.0525,1.0525,0,0,0,.9121-1.1586A4.5182,4.5182,0,0,0,44,22.084V21.0563a1.0015,1.0015,0,1,0-2,0v1.0306a4.5188,4.5188,0,0,0-4,4.1986c0,2.0072,1.3114,3.36,4,4.07V34.724a2.4342,2.4342,0,0,1-2.0043-1.8949,1.0323,1.0323,0,0,0-1.0788-.9773A1.052,1.052,0,0,0,38.004,33.01,4.52,4.52,0,0,0,42,36.916v1.0285A1.0284,1.0284,0,0,0,43,39Zm3-6.2846c0,.91-.85,1.7022-2,2.0051V30.8419C45.3506,31.2539,46,31.8578,46,32.7154Zm-6-6.43c0-.911.85-1.703,1.9995-2.0059v3.8775C40.65,27.7447,40.0005,27.1412,40.0005,26.2855Z\" style=\"fill-rule:evenodd\"><\/path><\/svg>\t\t\t\t<\/span>\n\t\t\t<\/div>\n\t\t\t\n\t\t\t\t\t\t<div class=\"elementor-icon-box-content\">\n\n\t\t\t\t\t\t\t\t\t<h3 class=\"elementor-icon-box-title\">\n\t\t\t\t\t\t<span  >\n\t\t\t\t\t\t\t\u00d6ffentlichkeitsveranstaltungen\t\t\t\t\t\t<\/span>\n\t\t\t\t\t<\/h3>\n\t\t\t\t\n\t\t\t\t\t\t\t\t\t<p class=\"elementor-icon-box-description\">\n\t\t\t\t\t\tRegelm\u00e4\u00dfig sind wir vor Ort mit verschiedenen Aktivit\u00e4ten\n\t\t\t\t\t<\/p>\n\t\t\t\t\n\t\t\t<\/div>\n\t\t\t\n\t\t<\/div>\n\t\t\t\t\t\t<\/div>\n\t\t\t\t<div class=\"elementor-element elementor-element-c47519b elementor-align-left elementor-mobile-align-center elementor-widget elementor-widget-button\" data-id=\"c47519b\" data-element_type=\"widget\" data-widget_type=\"button.default\">\n\t\t\t\t\t\t\t\t\t\t<a class=\"elementor-button elementor-button-link elementor-size-sm elementor-animation-grow\" href=\"#\">\n\t\t\t\t\t\t<span class=\"elementor-button-content-wrapper\">\n\t\t\t\t\t\t<span class=\"elementor-button-icon\">\n\t\t\t\t<svg aria-hidden=\"true\" class=\"e-font-icon-svg e-fas-arrow-right\" viewBox=\"0 0 448 512\" xmlns=\"http:\/\/www.w3.org\/2000\/svg\"><path d=\"M190.5 66.9l22.2-22.2c9.4-9.4 24.6-9.4 33.9 0L441 239c9.4 9.4 9.4 24.6 0 33.9L246.6 467.3c-9.4 9.4-24.6 9.4-33.9 0l-22.2-22.2c-9.5-9.5-9.3-25 .4-34.3L311.4 296H24c-13.3 0-24-10.7-24-24v-32c0-13.3 10.7-24 24-24h287.4L190.9 101.2c-9.8-9.3-10-24.8-.4-34.3z\"><\/path><\/svg>\t\t\t<\/span>\n\t\t\t\t\t\t\t\t\t<span class=\"elementor-button-text\">Learn More<\/span>\n\t\t\t\t\t<\/span>\n\t\t\t\t\t<\/a>\n\t\t\t\t\t\t\t\t<\/div>\n\t\t\t\t<\/div>\n\t\t<div class=\"elementor-element elementor-element-74947590 e-con-full e-flex e-con e-child\" data-id=\"74947590\" data-element_type=\"container\" data-settings=\"{&quot;background_background&quot;:&quot;classic&quot;}\">\n\t\t\t\t<div class=\"elementor-element elementor-element-601fcb6b elementor-view-default elementor-position-top elementor-mobile-position-top elementor-widget elementor-widget-icon-box\" data-id=\"601fcb6b\" data-element_type=\"widget\" data-widget_type=\"icon-box.default\">\n\t\t\t\t\t\t\t<div class=\"elementor-icon-box-wrapper\">\n\n\t\t\t\t\t\t<div class=\"elementor-icon-box-icon\">\n\t\t\t\t<span  class=\"elementor-icon\">\n\t\t\t\t<svg xmlns=\"http:\/\/www.w3.org\/2000\/svg\" id=\"f50a2be6-ea49-4102-b303-5ac9b9f57464\" data-name=\"Layer 1\" width=\"74.6451\" height=\"66\" viewBox=\"0 0 74.6451 66\"><path id=\"b42c4aff-770f-41ef-8270-4aea8953a28f\" data-name=\"Fill-1-Copy-12\" d=\"M53.3653,19.386c-9.8693,32.2855,6.1235,31.8329-7.1389,41.2306A29.1943,29.1943,0,0,1,5.3387,53.4179a29.7533,29.7533,0,0,1,7.1385-41.23C25.74,2.79,63.2345-12.8994,53.3653,19.386\" style=\"fill-rule:evenodd;opacity:0.05\"><\/path><path d=\"M69.7716,11.4357a15.95,15.95,0,0,0-11.7133-4.693,16.3333,16.3333,0,0,0-10.36,28.7287,1.0567,1.0567,0,0,1,.369.6043c.5472,2.96,1.83,9.8922,5.9018,9.8922h8.7068c4.0738,0,5.4016-7.19,5.9035-9.8965a1.0226,1.0226,0,0,1,.3639-.5931,16.3386,16.3386,0,0,0,.8285-24.0426ZM67.5241,33.8245a3.1987,3.1987,0,0,0-1.0855,1.8495c-1.3044,7.0609-2.9179,8.1148-3.7629,8.1148H53.9689c-.8441,0-2.4568-1.0539-3.7628-8.1148a3.2243,3.2243,0,0,0-1.089-1.8539A14.21,14.21,0,0,1,58.0922,8.9218c.0781-.0017.1554-.0017.2336-.0017a14.1554,14.1554,0,0,1,9.1983,24.9044Z\" style=\"fill-rule:evenodd\"><\/path><path d=\"M63.9589,23.5961a.85.85,0,0,0-1.0713-.5548,10.9049,10.9049,0,0,0-1.5851.6945l-.0464.0251a3.186,3.186,0,0,1-1.3443.4616.8592.8592,0,0,0-.1017-.9058.8491.8491,0,0,0-1.198-.1255l-.1136.0933-.111-.091a.8492.8492,0,0,0-1.1977.1253.8578.8578,0,0,0-.1023.9028,3.1489,3.1489,0,0,1-1.3449-.4624l-.0462-.0251a11.0241,11.0241,0,0,0-1.5843-.6934.8459.8459,0,0,0-.9574,1.287.7728.7728,0,0,0-.0545.8376,23.0327,23.0327,0,0,1,2.743,6.9624,40.9852,40.9852,0,0,1,.5646,8.088.7962.7962,0,0,0,1.5922,0,42.4528,42.4528,0,0,0-.59-8.3948,23.3987,23.3987,0,0,0-2.4354-6.5334c1.24.6258,2.2805,1.1154,3.5247.19,1.2454.9269,2.2875.4342,3.5277-.1921A23.3937,23.3937,0,0,0,59.59,31.8215,42.4461,42.4461,0,0,0,59,40.2157a.7963.7963,0,0,0,1.5925,0,40.9845,40.9845,0,0,1,.5633-8.0875A23.0406,23.0406,0,0,1,63.9,25.1663a.7722.7722,0,0,0-.0547-.8388A.8456.8456,0,0,0,63.9589,23.5961Z\" style=\"fill-rule:evenodd\"><\/path><path d=\"M62,48H54a1,1,0,0,0,0,2h8a1,1,0,0,0,0-2Z\" style=\"fill-rule:evenodd\"><\/path><path d=\"M62,52H54a1,1,0,0,0,0,2h8a1,1,0,0,0,0-2Z\" style=\"fill-rule:evenodd\"><\/path><path d=\"M60.3335,56H55.6674a1.012,1.012,0,1,0,0,2h4.6661a1.0119,1.0119,0,1,0,0-2Z\" style=\"fill-rule:evenodd\"><\/path><\/svg>\t\t\t\t<\/span>\n\t\t\t<\/div>\n\t\t\t\n\t\t\t\t\t\t<div class=\"elementor-icon-box-content\">\n\n\t\t\t\t\t\t\t\t\t<h3 class=\"elementor-icon-box-title\">\n\t\t\t\t\t\t<span  >\n\t\t\t\t\t\t\t\u00dcberregionale Veranstaltungen\t\t\t\t\t\t<\/span>\n\t\t\t\t\t<\/h3>\n\t\t\t\t\n\t\t\t\t\t\t\t\t\t<p class=\"elementor-icon-box-description\">\n\t\t\t\t\t\tDiese werden von uns ebenfalls besucht und verschiedene Mitglieder sind auch hier erfolgreiche Teilnehmer.\t\t\t\t\t<\/p>\n\t\t\t\t\n\t\t\t<\/div>\n\t\t\t\n\t\t<\/div>\n\t\t\t\t\t\t<\/div>\n\t\t\t\t<div class=\"elementor-element elementor-element-7323dfa4 elementor-align-left elementor-mobile-align-center elementor-widget elementor-widget-button\" data-id=\"7323dfa4\" data-element_type=\"widget\" data-widget_type=\"button.default\">\n\t\t\t\t\t\t\t\t\t\t<a class=\"elementor-button elementor-button-link elementor-size-sm elementor-animation-grow\" href=\"#\">\n\t\t\t\t\t\t<span class=\"elementor-button-content-wrapper\">\n\t\t\t\t\t\t<span class=\"elementor-button-icon\">\n\t\t\t\t<svg aria-hidden=\"true\" class=\"e-font-icon-svg e-fas-arrow-right\" viewBox=\"0 0 448 512\" xmlns=\"http:\/\/www.w3.org\/2000\/svg\"><path d=\"M190.5 66.9l22.2-22.2c9.4-9.4 24.6-9.4 33.9 0L441 239c9.4 9.4 9.4 24.6 0 33.9L246.6 467.3c-9.4 9.4-24.6 9.4-33.9 0l-22.2-22.2c-9.5-9.5-9.3-25 .4-34.3L311.4 296H24c-13.3 0-24-10.7-24-24v-32c0-13.3 10.7-24 24-24h287.4L190.9 101.2c-9.8-9.3-10-24.8-.4-34.3z\"><\/path><\/svg>\t\t\t<\/span>\n\t\t\t\t\t\t\t\t\t<span class=\"elementor-button-text\">Learn More<\/span>\n\t\t\t\t\t<\/span>\n\t\t\t\t\t<\/a>\n\t\t\t\t\t\t\t\t<\/div>\n\t\t\t\t<\/div>\n\t\t\t\t<\/div>\n\t\t\t\t\t<\/div>\n\t\t\t\t<\/div>\n\t\t\t\t<\/div>\n\t\t","protected":false},"excerpt":{"rendered":"<p>Veranstaltungen Ergebnisse und Hinweise zu bevorstehenden Events Pr\u00fcfungen Ergebnisse unserer Pr\u00fcfungen findet ihr hier Learn More Zuchtschauen Schauen haben wir in den vergangenen Jahren durchgef\u00fchrt. Hier findet ihr die Ergebnisse. Learn More \u00d6ffentlichkeitsveranstaltungen Regelm\u00e4\u00dfig sind wir vor Ort mit verschiedenen Aktivit\u00e4ten Learn More \u00dcberregionale Veranstaltungen Diese werden von uns ebenfalls besucht und verschiedene Mitglieder sind [&hellip;]<\/p>\n","protected":false},"author":1,"featured_media":0,"parent":0,"menu_order":0,"comment_status":"closed","ping_status":"closed","template":"elementor_header_footer","meta":{"footnotes":""},"class_list":["post-85","page","type-page","status-publish","hentry"],"_links":{"self":[{"href":"https:\/\/sv-og-rorup.de\/index.php?rest_route=\/wp\/v2\/pages\/85","targetHints":{"allow":["GET"]}}],"collection":[{"href":"https:\/\/sv-og-rorup.de\/index.php?rest_route=\/wp\/v2\/pages"}],"about":[{"href":"https:\/\/sv-og-rorup.de\/index.php?rest_route=\/wp\/v2\/types\/page"}],"author":[{"embeddable":true,"href":"https:\/\/sv-og-rorup.de\/index.php?rest_route=\/wp\/v2\/users\/1"}],"replies":[{"embeddable":true,"href":"https:\/\/sv-og-rorup.de\/index.php?rest_route=%2Fwp%2Fv2%2Fcomments&post=85"}],"version-history":[{"count":17,"href":"https:\/\/sv-og-rorup.de\/index.php?rest_route=\/wp\/v2\/pages\/85\/revisions"}],"predecessor-version":[{"id":327,"href":"https:\/\/sv-og-rorup.de\/index.php?rest_route=\/wp\/v2\/pages\/85\/revisions\/327"}],"wp:attachment":[{"href":"https:\/\/sv-og-rorup.de\/index.php?rest_route=%2Fwp%2Fv2%2Fmedia&parent=85"}],"curies":[{"name":"wp","href":"https:\/\/api.w.org\/{rel}","templated":true}]}}