{"id":69,"date":"2025-07-17T17:54:21","date_gmt":"2025-07-17T17:54:21","guid":{"rendered":"https:\/\/sv-og-rorup.de\/?page_id=69"},"modified":"2025-08-28T17:51:44","modified_gmt":"2025-08-28T17:51:44","slug":"about","status":"publish","type":"page","link":"https:\/\/sv-og-rorup.de\/?page_id=69","title":{"rendered":"About"},"content":{"rendered":"<h1>\u00dcber uns<\/h1>\n<h3>Blick hinter die Kulissen<\/h3>\n<p>\t\t\t\t<img decoding=\"async\" src=\"https:\/\/sv-og-rorup.de\/wp-content\/uploads\/2025\/08\/f-Prfg-2502-Juergens.jpg\" title=\"f-Prfg-2502-Juergens\" alt=\"f-Prfg-2502-Juergens\" loading=\"lazy\" \/>\t\t\t<\/p>\n<h2>Wir arbeiten gerne zum Ziel hin<\/h2>\n<p>Am Ende steht das Ziel, eine Pr\u00fcfung erfolgreich abzuschlie\u00dfen. Dabei ist die Pr\u00fcfungsstufe egal. Begleithunde sind ebenso willkommen, wie F\u00e4hrtenhunde oder IGP-Sporthunde<\/p>\n<p>\t\t\t\t<img decoding=\"async\" src=\"https:\/\/sv-og-rorup.de\/wp-content\/uploads\/2025\/08\/f-210912-Susanne-Wachsmut.jpg\" title=\"f-210912-Susanne-Wachsmut\" alt=\"f-210912-Susanne-Wachsmut\" loading=\"lazy\" \/>\t\t\t<\/p>\n<h2>Der Weg ist das Ziel<\/h2>\n<p>Positive Best\u00e4tigungen auf gewollt gezeigtes Verhalten pr\u00e4gen die Ausbildung. In der Erziehung des Hundes muss allerdings auch auf eine konsequente Einhaltung der gew\u00fcnschten Ausrichtung geachtet werden. <\/p>\n\n\n<p><\/p>\n","protected":false},"excerpt":{"rendered":"<p>\u00dcber uns Blick hinter die Kulissen Wir arbeiten gerne zum Ziel hin Am Ende steht das Ziel, eine Pr\u00fcfung erfolgreich abzuschlie\u00dfen. Dabei ist die Pr\u00fcfungsstufe egal. Begleithunde sind ebenso willkommen, wie F\u00e4hrtenhunde oder IGP-Sporthunde Der Weg ist das Ziel Positive Best\u00e4tigungen auf gewollt gezeigtes Verhalten pr\u00e4gen die Ausbildung. In der Erziehung des Hundes muss allerdings [&hellip;]<\/p>\n","protected":false},"author":1,"featured_media":0,"parent":0,"menu_order":0,"comment_status":"closed","ping_status":"closed","template":"elementor_header_footer","meta":{"footnotes":""},"class_list":["post-69","page","type-page","status-publish","hentry"],"_links":{"self":[{"href":"https:\/\/sv-og-rorup.de\/index.php?rest_route=\/wp\/v2\/pages\/69","targetHints":{"allow":["GET"]}}],"collection":[{"href":"https:\/\/sv-og-rorup.de\/index.php?rest_route=\/wp\/v2\/pages"}],"about":[{"href":"https:\/\/sv-og-rorup.de\/index.php?rest_route=\/wp\/v2\/types\/page"}],"author":[{"embeddable":true,"href":"https:\/\/sv-og-rorup.de\/index.php?rest_route=\/wp\/v2\/users\/1"}],"replies":[{"embeddable":true,"href":"https:\/\/sv-og-rorup.de\/index.php?rest_route=%2Fwp%2Fv2%2Fcomments&post=69"}],"version-history":[{"count":11,"href":"https:\/\/sv-og-rorup.de\/index.php?rest_route=\/wp\/v2\/pages\/69\/revisions"}],"predecessor-version":[{"id":302,"href":"https:\/\/sv-og-rorup.de\/index.php?rest_route=\/wp\/v2\/pages\/69\/revisions\/302"}],"wp:attachment":[{"href":"https:\/\/sv-og-rorup.de\/index.php?rest_route=%2Fwp%2Fv2%2Fmedia&parent=69"}],"curies":[{"name":"wp","href":"https:\/\/api.w.org\/{rel}","templated":true}]}}